{"id":456,"date":"2024-09-15T19:28:13","date_gmt":"2024-09-15T19:28:13","guid":{"rendered":"http:\/\/srrafi.com\/wordpress\/pictech-wp\/?page_id=456"},"modified":"2025-12-03T19:38:50","modified_gmt":"2025-12-03T22:38:50","slug":"home","status":"publish","type":"page","link":"https:\/\/desbravatech.com\/br\/","title":{"rendered":"Home V4"},"content":{"rendered":"\t\t<div data-elementor-type=\"wp-page\" data-elementor-id=\"456\" class=\"elementor elementor-456\">\n\t\t\t\t<div class=\"elementor-element elementor-element-58938c1 e-con-full e-flex e-con e-parent\" data-id=\"58938c1\" data-element_type=\"container\" data-settings=\"{&quot;background_background&quot;:&quot;classic&quot;}\">\n\t\t<div class=\"elementor-element elementor-element-9fe1f91 e-con-full e-flex e-con e-child\" data-id=\"9fe1f91\" data-element_type=\"container\">\n\t\t\t\t<div class=\"elementor-element elementor-element-ce36605 elementor-widget elementor-widget-sp-hero-v3\" data-id=\"ce36605\" data-element_type=\"widget\" data-widget_type=\"sp-hero-v3.default\">\n\t\t\t\t<div class=\"elementor-widget-container\">\n\t\t\t\t\t\n        <section class=\"saas_banner_area_three saas-bg-cover\">\n            <div class=\"container\">\n                <div class=\"row align-items-center\">\n                    <div class=\"col-xl-6 col-lg-7\">\n                        <div class=\"sass_banner_content\">\n                            <h2 class=\"wow fadeInUp\" data-wow-delay=\"0.2s\">IXCSoft<\/h2>\n                            <p class=\"pc-desc wow fadeInUp\" data-wow-delay=\"0.3s\">N\u00facleo de hardware e embarcados<\/p>\n                            <p class=\"credit_text wow fadeInUp\" data-wow-delay=\"0.5s\"><i class=\"fas fa-rocket\"\n                                    aria-hidden=\"true\"><\/i> PD&I em eletr\u00f4nica<\/p>\n                            <div class=\"ratting_icon d-flex wow fadeInUp\" data-wow-delay=\"0.5s\"><a href=\"#\"><img decoding=\"async\" src=\"https:\/\/desbravatech.com\/br\/wp-content\/uploads\/2025\/09\/DesbravaSmartHome_32x.png\" alt=\"review-logo\"><\/a><a href=\"\"><img decoding=\"async\" src=\"https:\/\/desbravatech.com\/br\/wp-content\/uploads\/2025\/06\/DesbravaNetwork_32px.webp\" alt=\"review-logo\"><\/a><a href=\"\"><img decoding=\"async\" src=\"https:\/\/desbravatech.com\/br\/wp-content\/uploads\/2025\/06\/DesbravaDashboard_32px.webp\" alt=\"review-logo\"><\/a>\n                            <\/div>\n                        <\/div>\n                    <\/div>\n                    <div class=\"col-xl-6 col-lg-5\">\n                        <div class=\"banner_img_three\"><img decoding=\"async\" class=\"wow fadeInRight\" src=\"https:\/\/desbravatech.com\/br\/wp-content\/uploads\/2025\/06\/desbravatech-iot.png\" alt=\"hero-image\"><div class=\"one\" data-parallax='{\"x\": 20, \"y\": -80}'><img decoding=\"async\" class=\"wow fadeInUp\" data-wow-delay=\"0.6s\" src=\"https:\/\/desbravatech.com\/br\/wp-content\/uploads\/2024\/09\/clouds-1.png\" alt=\"sticky-image\"><\/div> <div data-parallax='{\"y\": 80}' class=\"three\"><img decoding=\"async\" src=\"https:\/\/desbravatech.com\/br\/wp-content\/uploads\/2025\/06\/DesbravaService.png\" alt=\"sticky-image3\"><\/div><img decoding=\"async\" class=\"four\" src=\"https:\/\/desbravatech.com\/br\/wp-content\/uploads\/2025\/06\/desbravatech_shap_blue.png\"> <img decoding=\"async\" class=\"five\" src=\"https:\/\/desbravatech.com\/br\/wp-content\/uploads\/2025\/06\/DesbravaDashboard_32px.png\">\n                           \n                        <\/div>\n\n                    <\/div>\n                <\/div>\n            <\/div>\n        <\/section>\t\t\t\t<\/div>\n\t\t\t\t<\/div>\n\t\t\t\t<\/div>\n\t\t\t\t<\/div>\n\t\t<div class=\"elementor-element elementor-element-660645c e-con-full saas-gradient-color e-flex e-con e-parent\" data-id=\"660645c\" data-element_type=\"container\">\n\t\t<div class=\"elementor-element elementor-element-9b207d8 e-flex e-con-boxed e-con e-child\" data-id=\"9b207d8\" data-element_type=\"container\">\n\t\t\t\t\t<div class=\"e-con-inner\">\n\t\t<div class=\"elementor-element elementor-element-bf9bcf6 e-con-full e-flex e-con e-child\" data-id=\"bf9bcf6\" data-element_type=\"container\">\n\t\t\t\t<div class=\"elementor-element elementor-element-db04f0a elementor-widget elementor-widget-sp-section-title\" data-id=\"db04f0a\" data-element_type=\"widget\" data-widget_type=\"sp-section-title.default\">\n\t\t\t\t<div class=\"elementor-widget-container\">\n\t\t\t\t\t\r\n            <div class=\"section_title text-default text-center\"><h5 class=\"pc-label wow fadeInLeft\" data-wow-delay=\"0.2s\">Dispositivos e sistemas embarcados<\/h5><h2 class=\"title-animation wow fadeInUp\"  data-wow-delay=\"0.3s\">Hardware<\/h2><p class=\"pc-text wow fadeInRight\" data-wow-delay=\"0.4s\">Desde sua incorpora\u00e7\u00e3o pela IXCSoft, a Desbravatech transformou-se no N\u00facleo de Hardware e Sistemas Embarcados, dedicado \u00e0 pesquisa, engenharia e desenvolvimento tecnol\u00f3gico aplicado aos produtos e plataformas da IXCSoft.<\/p>\r\n        <\/div>\r\n        \t\t\t\t<\/div>\n\t\t\t\t<\/div>\n\t\t\t\t<\/div>\n\t\t\t\t\t<\/div>\n\t\t\t\t<\/div>\n\t\t\t\t<\/div>\n\t\t\t\t<\/div>\n\t\t","protected":false},"excerpt":{"rendered":"<p>IXCSoft N\u00facleo de hardware e embarcados PD&#038;I em eletr\u00f4nica Dispositivos e sistemas embarcados Hardware Desde sua incorpora\u00e7\u00e3o pela IXCSoft, a Desbravatech transformou-se no N\u00facleo de Hardware e Sistemas Embarcados, dedicado \u00e0 pesquisa, engenharia e desenvolvimento tecnol\u00f3gico aplicado aos produtos e plataformas da IXCSoft.<\/p>\n","protected":false},"author":1,"featured_media":0,"parent":0,"menu_order":0,"comment_status":"closed","ping_status":"closed","template":"","meta":{"_acf_changed":false,"_monsterinsights_skip_tracking":false,"_monsterinsights_sitenote_active":false,"_monsterinsights_sitenote_note":"","_monsterinsights_sitenote_category":0,"footnotes":""},"class_list":["post-456","page","type-page","status-publish","hentry"],"acf":[],"_links":{"self":[{"href":"https:\/\/desbravatech.com\/br\/wp-json\/wp\/v2\/pages\/456","targetHints":{"allow":["GET"]}}],"collection":[{"href":"https:\/\/desbravatech.com\/br\/wp-json\/wp\/v2\/pages"}],"about":[{"href":"https:\/\/desbravatech.com\/br\/wp-json\/wp\/v2\/types\/page"}],"author":[{"embeddable":true,"href":"https:\/\/desbravatech.com\/br\/wp-json\/wp\/v2\/users\/1"}],"replies":[{"embeddable":true,"href":"https:\/\/desbravatech.com\/br\/wp-json\/wp\/v2\/comments?post=456"}],"version-history":[{"count":0,"href":"https:\/\/desbravatech.com\/br\/wp-json\/wp\/v2\/pages\/456\/revisions"}],"wp:attachment":[{"href":"https:\/\/desbravatech.com\/br\/wp-json\/wp\/v2\/media?parent=456"}],"curies":[{"name":"wp","href":"https:\/\/api.w.org\/{rel}","templated":true}]}}