{"id":2434,"date":"2024-10-01T09:13:48","date_gmt":"2024-10-01T09:13:48","guid":{"rendered":"http:\/\/srrafi.com\/wordpress\/pictech-wp\/?page_id=2434"},"modified":"2025-12-03T19:58:03","modified_gmt":"2025-12-03T22:58:03","slug":"about","status":"publish","type":"page","link":"https:\/\/desbravatech.com\/br\/about\/","title":{"rendered":"Sobre"},"content":{"rendered":"\t\t<div data-elementor-type=\"wp-page\" data-elementor-id=\"2434\" class=\"elementor elementor-2434\">\n\t\t\t\t<div class=\"elementor-element elementor-element-d4d946e e-flex e-con-boxed e-con e-parent\" data-id=\"d4d946e\" data-element_type=\"container\">\n\t\t\t\t\t<div class=\"e-con-inner\">\n\t\t<div class=\"elementor-element elementor-element-0c5d70e e-con-full e-flex e-con e-child\" data-id=\"0c5d70e\" data-element_type=\"container\">\n\t\t\t\t<div class=\"elementor-element elementor-element-d6caf42 elementor-widget elementor-widget-sp-about-widget\" data-id=\"d6caf42\" data-element_type=\"widget\" data-widget_type=\"sp-about-widget.default\">\n\t\t\t\t<div class=\"elementor-widget-container\">\n\t\t\t\t\t\r\n        <div class=\"saas_about_area\">\r\n            <div class=\"container\">\r\n                <div class=\"row align-items-center\">\r\n                    <div class=\"col-lg-6 wow fadeInLeft\" data-wow-delay=\"0.2s\">\r\n                        <img decoding=\"async\" class=\"about_img\" src=\"https:\/\/desbravatech.com\/br\/wp-content\/uploads\/2025\/06\/IMG_5368-scaled.jpeg\">\r\n                    <\/div>\r\n                    <div class=\"col-lg-6\">\r\n                        <div class=\"saas_about_content wow fadeInRight\" data-wow-delay=\"0.3s\">\r\n                            <h2>N\u00facleo de Hardware IXCSoft<\/h2>\r\n                            <blockquote><span class=\"s1\"><b>Desde sua incorpora\u00e7\u00e3o pela IXCSoft, a Desbravatech transformou-se no N\u00facleo de Hardware e Sistemas Embarcados<\/b><\/span>, dedicado \u00e0 pesquisa, engenharia e desenvolvimento tecnol\u00f3gico aplicado aos produtos e plataformas da IXCSoft.<\/blockquote>\r\n                            <a href=\"https:\/\/ixcsoft.com.br\/contato\" class=\"saas_btn\">\r\n                                <div class=\"btn_text\"><span>Contato<\/span><span>Contato<\/span>\r\n                                <\/div>\r\n                            <\/a>\r\n                        <\/div>\r\n                    <\/div>\r\n                <\/div>\r\n            <\/div>\r\n        <\/div>\t\t\t\t<\/div>\n\t\t\t\t<\/div>\n\t\t\t\t<\/div>\n\t\t\t\t\t<\/div>\n\t\t\t\t<\/div>\n\t\t<div class=\"elementor-element elementor-element-876191d e-con-full e-flex e-con e-parent\" data-id=\"876191d\" data-element_type=\"container\" data-settings=\"{&quot;background_background&quot;:&quot;classic&quot;}\">\n\t\t\t\t<div class=\"elementor-element elementor-element-0f1b54c elementor-widget__width-initial elementor-widget elementor-widget-sp-promo-area\" data-id=\"0f1b54c\" data-element_type=\"widget\" data-widget_type=\"sp-promo-area.default\">\n\t\t\t\t<div class=\"elementor-widget-container\">\n\t\t\t\t\t<section class=\"promo_area_three\">\r\n            <div class=\"justify-content-md-center\">\r\n                <div class=\"promo_content text-center\">\r\n                    <h2 class=\"title-animation wow fadeInUp\"  data-wow-delay=\"0.4s\">IXCSoft<\/h2>\r\n                    <p class=\"wow fadeInLeft\"  data-wow-delay=\"0.6s\">Com sede em Chapec\u00f3\/SC, A IXCSoft est\u00e1 no meio de um grande centro de desenvolvimento e incentivo ao setor de tecnologia. Assim, contamos com alguns dos melhores desenvolvedores somando conhecimento \u00e0 equipe.\n\nNossa equipe conta com mais de 500 colaboradores, somando talentos diversificados ao nosso time, que buscam promover sinergia e produ\u00e7\u00e3o com qualidade, em uma \u00e1rea de mais de 3.000 m\u00b2<\/p>\r\n                    <a href=\"https:\/\/ixcsoft.com.br\/\" class=\"saas_btn wow fadeInRight\"  data-wow-delay=\"0.8s\">\r\n                        <div class=\"btn_text\"><span>Saiba mais<\/span><span>Saiba mais<\/span><\/div>\r\n                    <\/a>\r\n                <\/div>\r\n            <\/div>\r\n        <\/section>\t\t\t\t<\/div>\n\t\t\t\t<\/div>\n\t\t\t\t<\/div>\n\t\t\t\t<\/div>\n\t\t","protected":false},"excerpt":{"rendered":"<p>N\u00facleo de Hardware IXCSoft Desde sua incorpora\u00e7\u00e3o pela IXCSoft, a Desbravatech transformou-se no N\u00facleo de Hardware e Sistemas Embarcados, dedicado \u00e0 pesquisa, engenharia e desenvolvimento tecnol\u00f3gico aplicado aos produtos e plataformas da IXCSoft. ContatoContato IXCSoft Com sede em Chapec\u00f3\/SC, A IXCSoft est\u00e1 no meio de um grande centro de desenvolvimento e incentivo ao setor de [&hellip;]<\/p>\n","protected":false},"author":1,"featured_media":0,"parent":0,"menu_order":0,"comment_status":"closed","ping_status":"closed","template":"","meta":{"_acf_changed":false,"_monsterinsights_skip_tracking":false,"_monsterinsights_sitenote_active":false,"_monsterinsights_sitenote_note":"","_monsterinsights_sitenote_category":0,"footnotes":""},"class_list":["post-2434","page","type-page","status-publish","hentry"],"acf":[],"_links":{"self":[{"href":"https:\/\/desbravatech.com\/br\/wp-json\/wp\/v2\/pages\/2434","targetHints":{"allow":["GET"]}}],"collection":[{"href":"https:\/\/desbravatech.com\/br\/wp-json\/wp\/v2\/pages"}],"about":[{"href":"https:\/\/desbravatech.com\/br\/wp-json\/wp\/v2\/types\/page"}],"author":[{"embeddable":true,"href":"https:\/\/desbravatech.com\/br\/wp-json\/wp\/v2\/users\/1"}],"replies":[{"embeddable":true,"href":"https:\/\/desbravatech.com\/br\/wp-json\/wp\/v2\/comments?post=2434"}],"version-history":[{"count":0,"href":"https:\/\/desbravatech.com\/br\/wp-json\/wp\/v2\/pages\/2434\/revisions"}],"wp:attachment":[{"href":"https:\/\/desbravatech.com\/br\/wp-json\/wp\/v2\/media?parent=2434"}],"curies":[{"name":"wp","href":"https:\/\/api.w.org\/{rel}","templated":true}]}}